{"id":728,"date":"2018-12-04T10:52:05","date_gmt":"2018-12-04T10:52:05","guid":{"rendered":"https:\/\/landrecies.efficience59.ovh\/?page_id=728"},"modified":"2024-07-15T10:05:47","modified_gmt":"2024-07-15T10:05:47","slug":"tarifs","status":"publish","type":"page","link":"https:\/\/landrecies.com\/index.php\/tarifs\/","title":{"rendered":"Tarifs"},"content":{"rendered":"<p>[et_pb_section fb_built=\u00a0\u00bb1&Prime; fullwidth=\u00a0\u00bbon\u00a0\u00bb _builder_version=\u00a0\u00bb4.16&Prime; background_image=\u00a0\u00bbhttps:\/\/landrecies.com\/wp-content\/uploads\/2018\/10\/services-landrecies.jpg\u00a0\u00bb animation_style=\u00a0\u00bbslide\u00a0\u00bb animation_direction=\u00a0\u00bbtop\u00a0\u00bb animation_intensity_slide=\u00a0\u00bb2%\u00a0\u00bb animation_starting_opacity=\u00a0\u00bb100%\u00a0\u00bb global_colors_info=\u00a0\u00bb{}\u00a0\u00bb][et_pb_fullwidth_header title=\u00a0\u00bbLes tarifs\u00a0\u00bb content_max_width=\u00a0\u00bb800px\u00a0\u00bb _builder_version=\u00a0\u00bb4.16&Prime; title_level=\u00a0\u00bbh2&Prime; title_font=\u00a0\u00bbLato||||||||\u00a0\u00bb title_font_size=\u00a0\u00bb60px\u00a0\u00bb title_line_height=\u00a0\u00bb1.2em\u00a0\u00bb content_font_size=\u00a0\u00bb20px\u00a0\u00bb content_line_height=\u00a0\u00bb1.8em\u00a0\u00bb background_color=\u00a0\u00bbrgba(255,255,255,0)\u00a0\u00bb use_background_color_gradient=\u00a0\u00bbon\u00a0\u00bb background_color_gradient_direction=\u00a0\u00bb90deg\u00a0\u00bb background_color_gradient_stops=\u00a0\u00bbrgba(0,0,0,0.75) 0%|rgba(0,0,0,0) 100%\u00a0\u00bb background_color_gradient_overlays_image=\u00a0\u00bbon\u00a0\u00bb background_color_gradient_start=\u00a0\u00bbrgba(0,0,0,0.75)\u00a0\u00bb background_color_gradient_end=\u00a0\u00bbrgba(0,0,0,0)\u00a0\u00bb background_image=\u00a0\u00bbhttps:\/\/landrecies.efficience59.ovh\/wp-content\/uploads\/2018\/10\/services-landrecies.jpg\u00a0\u00bb custom_button_one=\u00a0\u00bbon\u00a0\u00bb button_one_text_size=\u00a0\u00bb18px\u00a0\u00bb button_one_bg_color=\u00a0\u00bb#02d002&Prime; button_one_border_width=\u00a0\u00bb8px\u00a0\u00bb button_one_border_color=\u00a0\u00bb#02d002&Prime; button_one_border_radius=\u00a0\u00bb0px\u00a0\u00bb button_one_letter_spacing=\u00a0\u00bb1px\u00a0\u00bb button_one_font=\u00a0\u00bbLato|700|||||||\u00a0\u00bb button_one_use_icon=\u00a0\u00bboff\u00a0\u00bb custom_button_two=\u00a0\u00bbon\u00a0\u00bb button_two_text_size=\u00a0\u00bb18px\u00a0\u00bb button_two_text_color=\u00a0\u00bb#353740&Prime; button_two_bg_color=\u00a0\u00bb#ffffff\u00a0\u00bb button_two_border_width=\u00a0\u00bb8px\u00a0\u00bb button_two_border_color=\u00a0\u00bb#ffffff\u00a0\u00bb button_two_border_radius=\u00a0\u00bb0px\u00a0\u00bb button_two_letter_spacing=\u00a0\u00bb1px\u00a0\u00bb button_two_font=\u00a0\u00bbLato|700|||||||\u00a0\u00bb button_two_use_icon=\u00a0\u00bboff\u00a0\u00bb custom_margin=\u00a0\u00bb|||\u00a0\u00bb custom_padding=\u00a0\u00bb8%||8%|\u00a0\u00bb button_one_letter_spacing_hover=\u00a0\u00bb1px\u00a0\u00bb button_two_letter_spacing_hover=\u00a0\u00bb1px\u00a0\u00bb locked=\u00a0\u00bboff\u00a0\u00bb global_colors_info=\u00a0\u00bb{}\u00a0\u00bb button_one_text_size__hover_enabled=\u00a0\u00bboff\u00a0\u00bb button_one_text_size__hover=\u00a0\u00bbnull\u00a0\u00bb button_two_text_size__hover_enabled=\u00a0\u00bboff\u00a0\u00bb button_two_text_size__hover=\u00a0\u00bbnull\u00a0\u00bb button_one_text_color__hover_enabled=\u00a0\u00bboff\u00a0\u00bb button_one_text_color__hover=\u00a0\u00bbnull\u00a0\u00bb button_two_text_color__hover_enabled=\u00a0\u00bboff\u00a0\u00bb button_two_text_color__hover=\u00a0\u00bbnull\u00a0\u00bb button_one_border_width__hover_enabled=\u00a0\u00bboff\u00a0\u00bb button_one_border_width__hover=\u00a0\u00bbnull\u00a0\u00bb button_two_border_width__hover_enabled=\u00a0\u00bboff\u00a0\u00bb button_two_border_width__hover=\u00a0\u00bbnull\u00a0\u00bb button_one_border_color__hover_enabled=\u00a0\u00bboff\u00a0\u00bb button_one_border_color__hover=\u00a0\u00bbnull\u00a0\u00bb button_two_border_color__hover_enabled=\u00a0\u00bboff\u00a0\u00bb button_two_border_color__hover=\u00a0\u00bbnull\u00a0\u00bb button_one_border_radius__hover_enabled=\u00a0\u00bboff\u00a0\u00bb button_one_border_radius__hover=\u00a0\u00bbnull\u00a0\u00bb button_two_border_radius__hover_enabled=\u00a0\u00bboff\u00a0\u00bb button_two_border_radius__hover=\u00a0\u00bbnull\u00a0\u00bb button_one_letter_spacing__hover_enabled=\u00a0\u00bbon\u00a0\u00bb button_one_letter_spacing__hover=\u00a0\u00bb1px\u00a0\u00bb button_two_letter_spacing__hover_enabled=\u00a0\u00bbon\u00a0\u00bb button_two_letter_spacing__hover=\u00a0\u00bb1px\u00a0\u00bb button_one_bg_color__hover_enabled=\u00a0\u00bboff\u00a0\u00bb button_one_bg_color__hover=\u00a0\u00bbnull\u00a0\u00bb button_two_bg_color__hover_enabled=\u00a0\u00bboff\u00a0\u00bb button_two_bg_color__hover=\u00a0\u00bbnull\u00a0\u00bb][\/et_pb_fullwidth_header][\/et_pb_section][et_pb_section fb_built=\u00a0\u00bb1&Prime; custom_padding_last_edited=\u00a0\u00bbon|desktop\u00a0\u00bb admin_label=\u00a0\u00bbInformation Section\u00a0\u00bb _builder_version=\u00a0\u00bb4.16&Prime; custom_padding=\u00a0\u00bb75px||200px|||\u00a0\u00bb custom_padding_tablet=\u00a0\u00bb\u00a0\u00bb custom_padding_phone=\u00a0\u00bb30px||30px||true\u00a0\u00bb global_colors_info=\u00a0\u00bb{}\u00a0\u00bb][et_pb_row _builder_version=\u00a0\u00bb4.17.1&Prime; _module_preset=\u00a0\u00bbdefault\u00a0\u00bb custom_padding=\u00a0\u00bb0px|||||\u00a0\u00bb global_colors_info=\u00a0\u00bb{}\u00a0\u00bb][et_pb_column type=\u00a0\u00bb4_4&Prime; _builder_version=\u00a0\u00bb4.17.1&Prime; _module_preset=\u00a0\u00bbdefault\u00a0\u00bb global_colors_info=\u00a0\u00bb{}\u00a0\u00bb][et_pb_text _builder_version=\u00a0\u00bb4.17.1&Prime; _module_preset=\u00a0\u00bbdefault\u00a0\u00bb min_height=\u00a0\u00bb80.8px\u00a0\u00bb custom_margin=\u00a0\u00bb||-1px|||\u00a0\u00bb custom_padding=\u00a0\u00bb||36px|70px||\u00a0\u00bb global_colors_info=\u00a0\u00bb{}\u00a0\u00bb]<\/p>\n<h1>Service \u00c9tat-civil<\/h1>\n<p>[\/et_pb_text][et_pb_accordion _builder_version=\u00a0\u00bb4.21.2&Prime; _module_preset=\u00a0\u00bbdefault\u00a0\u00bb min_height=\u00a0\u00bb724.9px\u00a0\u00bb custom_margin=\u00a0\u00bb1px|||||\u00a0\u00bb global_colors_info=\u00a0\u00bb{}\u00a0\u00bb][et_pb_accordion_item title=\u00a0\u00bbCimeti\u00e8re\u00a0\u00bb open=\u00a0\u00bboff\u00a0\u00bb _builder_version=\u00a0\u00bb4.17.1&Prime; _module_preset=\u00a0\u00bbdefault\u00a0\u00bb global_colors_info=\u00a0\u00bb{}\u00a0\u00bb]<\/p>\n<p>Les tarifs ci-dessous correspondent \u00e0 la concession cinquantenaire et au monument.<br \/><em>Tarifs r\u00e9visables chaque ann\u00e9e.<\/em><\/p>\n<p>&nbsp;<\/p>\n<table style=\"height: 368px; width: 100%; border-collapse: collapse; background-color: #f2f2f2;\" border=\"1\">\n<tbody>\n<tr style=\"height: 48px;\">\n<td style=\"width: 50%; height: 48px;\">Concession cinquantenaire 1 \u00e0 3 places<br \/>(2.35 x 1.10m)<\/td>\n<td style=\"width: 50%; height: 48px;\">278\u20ac<\/td>\n<\/tr>\n<tr style=\"height: 48px;\">\n<td style=\"width: 50%; height: 48px;\">Concession cinquantenaire 4 places<br \/>(1.70 x 2.35m)<\/td>\n<td style=\"width: 50%; height: 48px;\">384\u20ac<\/td>\n<\/tr>\n<tr style=\"height: 48px;\">\n<td style=\"width: 50%; height: 48px;\">Concession cinquantenaire 6 places<br \/>(1.70 x 2.35m)<\/td>\n<td style=\"width: 50%; height: 48px;\">441\u20ac<\/td>\n<\/tr>\n<tr style=\"height: 48px;\">\n<td style=\"width: 50%; height: 48px;\">Concession cinquantenaire enfant<br \/>(1.50 x 0.80m)<\/td>\n<td style=\"width: 50%; height: 48px;\">66\u20ac<\/td>\n<\/tr>\n<tr style=\"height: 24px;\">\n<td style=\"width: 50%; height: 24px;\">Caveau provisoire<\/td>\n<td style=\"width: 50%; height: 24px;\">5\u20ac par jour puis 1\u20ac par jour suppl\u00e9mentaire<\/td>\n<\/tr>\n<tr style=\"height: 104px;\">\n<td style=\"width: 50%; height: 104px;\">Vacation fermeture de cercueil destin\u00e9e :<br \/>&#8211; Transport hors de la commune<br \/>&#8211; Cr\u00e9mation<\/td>\n<td style=\"width: 50%; height: 104px;\">25\u20ac<br \/>25\u20ac<\/td>\n<\/tr>\n<tr style=\"height: 24px;\">\n<td style=\"width: 50%; height: 24px;\">Taxe suppl\u00e9mentaire au m2<\/td>\n<td style=\"width: 50%; height: 24px;\">118\u20ac<\/td>\n<\/tr>\n<tr style=\"height: 24px;\">\n<td style=\"width: 50%; height: 24px;\">Taxe exhumation<\/td>\n<td style=\"width: 50%; height: 24px;\">25\u20ac<\/td>\n<\/tr>\n<\/tbody>\n<\/table>\n<p>[\/et_pb_accordion_item][et_pb_accordion_item title=\u00a0\u00bbColumbarium\u00a0\u00bb _builder_version=\u00a0\u00bb4.21.2&Prime; _module_preset=\u00a0\u00bbdefault\u00a0\u00bb global_colors_info=\u00a0\u00bb{}\u00a0\u00bb open=\u00a0\u00bbon\u00a0\u00bb]<\/p>\n<p>3 formules diff\u00e9rentes vous sont propos\u00e9es :<br \/>&#8211; Cases pouvant recevoir deux urnes (36 cases install\u00e9es)<br \/>&#8211; Cavurnes (petites tombes) pouvant accueillir chacune quatre urnes (16 cavurnes install\u00e9es)<br \/>&#8211; Un jardin du souvenir o\u00f9 les cendres des d\u00e9funts sont r\u00e9pandues.<br \/><em>Tarifs r\u00e9visables chaque ann\u00e9e.<\/em><\/p>\n<p>&nbsp;<\/p>\n<table style=\"height: 240px; width: 100%; border-collapse: collapse; background-color: #f2f2f2;\" border=\"1\">\n<tbody>\n<tr style=\"height: 48px;\">\n<td style=\"width: 50%; height: 48px;\">Concession de case d&rsquo;une dur\u00e9e de 50 ans<br \/>(2 emplacements)<\/td>\n<td style=\"width: 50%; height: 48px;\">674\u20ac<\/td>\n<\/tr>\n<tr style=\"height: 48px;\">\n<td style=\"width: 50%; height: 48px;\">Concession de cavurne d&rsquo;une dur\u00e9e de 50 ans<br \/>(4 emplacements)<\/td>\n<td style=\"width: 50%; height: 48px;\">987\u20ac<\/td>\n<\/tr>\n<tr style=\"height: 24px;\">\n<td style=\"width: 50%; height: 24px;\">Dispersion dans le puit de cendres<\/td>\n<td style=\"width: 50%; height: 24px;\">104\u20ac<\/td>\n<\/tr>\n<tr style=\"height: 48px;\">\n<td style=\"width: 50%; height: 48px;\">Plaques vierges avec gravure format 20*8cm pour les cases et cavurnes<\/td>\n<td style=\"width: 50%; height: 48px;\">53\u20ac<\/td>\n<\/tr>\n<tr style=\"height: 24px;\">\n<td style=\"width: 50%; height: 24px;\">Plaques vierges avec gravure format 6*10cm pour le puit de cendres<\/td>\n<td style=\"width: 50%; height: 24px;\">32\u20ac<\/td>\n<\/tr>\n<tr style=\"height: 24px;\">\n<td style=\"width: 50%; height: 24px;\">Plaques avec gravure format 20*8cm pour les cases et cavurnes<\/td>\n<td style=\"width: 50%; height: 24px;\">113\u20ac<\/td>\n<\/tr>\n<tr style=\"height: 24px;\">\n<td style=\"width: 50%; height: 24px;\">Plaques avec gravure format 6*10cm pour le puits de cendres<\/td>\n<td style=\"width: 50%; height: 24px;\">100\u20ac<\/td>\n<\/tr>\n<\/tbody>\n<\/table>\n<p>[\/et_pb_accordion_item][\/et_pb_accordion][\/et_pb_column][\/et_pb_row][et_pb_row _builder_version=\u00a0\u00bb4.17.1&Prime; _module_preset=\u00a0\u00bbdefault\u00a0\u00bb global_colors_info=\u00a0\u00bb{}\u00a0\u00bb][et_pb_column type=\u00a0\u00bb4_4&Prime; _builder_version=\u00a0\u00bb4.17.1&Prime; _module_preset=\u00a0\u00bbdefault\u00a0\u00bb global_colors_info=\u00a0\u00bb{}\u00a0\u00bb][et_pb_text _builder_version=\u00a0\u00bb4.17.1&Prime; _module_preset=\u00a0\u00bbdefault\u00a0\u00bb min_height=\u00a0\u00bb46.8px\u00a0\u00bb custom_margin=\u00a0\u00bb||0px|||\u00a0\u00bb custom_padding=\u00a0\u00bb||35px|70px||\u00a0\u00bb global_colors_info=\u00a0\u00bb{}\u00a0\u00bb]<\/p>\n<h1>Tarifs municipaux<\/h1>\n<p>[\/et_pb_text][et_pb_accordion _builder_version=\u00a0\u00bb4.26.1&Prime; _module_preset=\u00a0\u00bbdefault\u00a0\u00bb custom_margin=\u00a0\u00bb-2px|||||\u00a0\u00bb hover_enabled=\u00a0\u00bb0&Prime; global_colors_info=\u00a0\u00bb{}\u00a0\u00bb sticky_enabled=\u00a0\u00bb0&Prime;][et_pb_accordion_item title=\u00a0\u00bbLocation de salles\u00a0\u00bb _builder_version=\u00a0\u00bb4.17.1&Prime; _module_preset=\u00a0\u00bbdefault\u00a0\u00bb global_colors_info=\u00a0\u00bb{}\u00a0\u00bb open=\u00a0\u00bboff\u00a0\u00bb]<\/p>\n<p><em>Tarifs r\u00e9visables chaque ann\u00e9e.<\/em><\/p>\n<p>&nbsp;<\/p>\n<table style=\"height: 72px; width: 100%; border-collapse: collapse; background-color: #f2f2f2;\" border=\"1\">\n<tbody>\n<tr style=\"height: 24px;\">\n<td style=\"width: 25%; height: 24px; text-align: center;\"><strong>B\u00e2timent<\/strong><\/td>\n<td style=\"width: 25%; height: 24px; text-align: center;\"><strong>Journ\u00e9e<\/strong><\/td>\n<td style=\"width: 25%; height: 24px; text-align: center;\"><strong>Semaine<\/strong><\/td>\n<td style=\"width: 25%; height: 24px; text-align: center;\"><strong>Caution<\/strong><\/td>\n<\/tr>\n<tr style=\"height: 24px;\">\n<td style=\"width: 25%; height: 24px; text-align: center;\"><strong>Grands Salons<\/strong><\/td>\n<td style=\"width: 25%; height: 24px; text-align: center;\">192\u20ac<\/td>\n<td style=\"width: 25%; height: 24px; text-align: center;\">\/<\/td>\n<td style=\"width: 25%; height: 24px; text-align: center;\">238\u20ac<\/td>\n<\/tr>\n<tr style=\"height: 24px;\">\n<td style=\"width: 25%; height: 24px; text-align: center;\"><strong>Salle du Conseil<\/strong><\/td>\n<td style=\"width: 25%; height: 24px; text-align: center;\">39\u20ac<\/td>\n<td style=\"width: 25%; height: 24px; text-align: center;\">152\u20ac<\/td>\n<td style=\"width: 25%; height: 24px; text-align: center;\">238\u20ac<\/td>\n<\/tr>\n<\/tbody>\n<\/table>\n<p>[\/et_pb_accordion_item][et_pb_accordion_item title=\u00a0\u00bbLocation de l&rsquo;espace polyvalent\u00a0\u00bb _builder_version=\u00a0\u00bb4.17.1&Prime; _module_preset=\u00a0\u00bbdefault\u00a0\u00bb global_colors_info=\u00a0\u00bb{}\u00a0\u00bb open=\u00a0\u00bboff\u00a0\u00bb]<\/p>\n<p><em>Tarifs r\u00e9visables chaque ann\u00e9e.<\/em><\/p>\n<p>Le stationnement est gratuit face \u00e0 l&rsquo;entr\u00e9e principale sur l&rsquo;espace Schumann (gare routi\u00e8re).<br \/>Un acc\u00e8s livraison est d\u00e9di\u00e9 aux services de prestataires externes, par la rue du Moineau.<\/p>\n<p>&nbsp;<\/p>\n<p>Pour les associations Landreciennes et partenaires :<\/p>\n<table style=\"width: 100%; border-collapse: collapse; background-color: #f2f2f2;\" border=\"1\">\n<tbody>\n<tr>\n<td style=\"width: 27.6774%; text-align: center;\">\u00a0<\/td>\n<td style=\"width: 24.0629%; text-align: center;\"><strong>Salle 1<\/strong><br \/><strong>163 places assises<\/strong><br \/><strong>193 places debout<\/strong><\/td>\n<td style=\"width: 24.3307%; text-align: center;\"><strong>Salle 2<\/strong><br \/><strong>137 places assises<\/strong><br \/><strong>163 places debout<\/strong><\/td>\n<td style=\"width: 23.929%; text-align: center;\"><strong>Salle 1 &amp; 2<\/strong><br \/><strong>300 places assises<\/strong><br \/><strong>356 places debout<\/strong><\/td>\n<\/tr>\n<tr>\n<td style=\"width: 27.6774%; text-align: center;\"><strong>Pour une demi journ\u00e9e<\/strong><\/td>\n<td style=\"width: 24.0629%; text-align: center;\">190\u20ac<\/td>\n<td style=\"width: 24.3307%; text-align: center;\">160\u20ac<\/td>\n<td style=\"width: 23.929%; text-align: center;\">220\u20ac<\/td>\n<\/tr>\n<tr>\n<td style=\"width: 27.6774%; text-align: center;\"><strong>Pour une journ\u00e9e<\/strong><\/td>\n<td style=\"width: 24.0629%; text-align: center;\">260\u20ac<\/td>\n<td style=\"width: 24.3307%; text-align: center;\">210\u20ac<\/td>\n<td style=\"width: 23.929%; text-align: center;\">350\u20ac<\/td>\n<\/tr>\n<tr>\n<td style=\"width: 27.6774%; text-align: center;\"><strong>Pour un week-end<\/strong><\/td>\n<td style=\"width: 24.0629%; text-align: center;\">300\u20ac<\/td>\n<td style=\"width: 24.3307%; text-align: center;\">250\u20ac<\/td>\n<td style=\"width: 23.929%; text-align: center;\">480\u20ac<\/td>\n<\/tr>\n<\/tbody>\n<\/table>\n<p>&nbsp;<\/p>\n<p>Pour les Landrecien.ne.s :<\/p>\n<table style=\"height: 144px; width: 100%; border-collapse: collapse; background-color: #f2f2f2;\" border=\"1\">\n<tbody>\n<tr style=\"height: 72px;\">\n<td style=\"width: 27.8112%; height: 72px; text-align: center;\">\u00a0<\/td>\n<td style=\"width: 24.1968%; height: 72px; text-align: center;\"><strong>Salle 1<\/strong><br \/><strong>163 places assises<\/strong><br \/><strong>193 places debout<\/strong><\/td>\n<td style=\"width: 24.4646%; height: 72px; text-align: center;\"><strong>Salle 2<\/strong><br \/><strong>137 places assises<\/strong><br \/><strong>163 places debout<\/strong><\/td>\n<td style=\"width: 23.5274%; height: 72px; text-align: center;\"><strong>Salle 1 &amp; 2<\/strong><br \/><strong>300 places assises<\/strong><br \/><strong>356 places debout<\/strong><\/td>\n<\/tr>\n<tr style=\"height: 24px;\">\n<td style=\"width: 27.8112%; height: 24px; text-align: center;\"><strong>Pour une demi journ\u00e9e<\/strong><\/td>\n<td style=\"width: 24.1968%; height: 24px; text-align: center;\">270\u20ac<\/td>\n<td style=\"width: 24.4646%; height: 24px; text-align: center;\">230\u20ac<\/td>\n<td style=\"width: 23.5274%; height: 24px; text-align: center;\">490\u20ac<\/td>\n<\/tr>\n<tr style=\"height: 24px;\">\n<td style=\"width: 27.8112%; height: 24px; text-align: center;\"><strong>Pour une journ\u00e9e<\/strong><\/td>\n<td style=\"width: 24.1968%; height: 24px; text-align: center;\">460\u20ac<\/td>\n<td style=\"width: 24.4646%; height: 24px; text-align: center;\">390\u20ac<\/td>\n<td style=\"width: 23.5274%; height: 24px; text-align: center;\">840\u20ac<\/td>\n<\/tr>\n<tr style=\"height: 24px;\">\n<td style=\"width: 27.8112%; height: 24px; text-align: center;\"><strong>Pour un week-end<\/strong><\/td>\n<td style=\"width: 24.1968%; height: 24px; text-align: center;\">710\u20ac<\/td>\n<td style=\"width: 24.4646%; height: 24px; text-align: center;\">600\u20ac<\/td>\n<td style=\"width: 23.5274%; height: 24px; text-align: center;\">1300\u20ac<\/td>\n<\/tr>\n<\/tbody>\n<\/table>\n<p>&nbsp;<\/p>\n<p>Pour les ext\u00e9rieurs :<\/p>\n<table style=\"height: 144px; width: 100%; border-collapse: collapse; background-color: #f2f2f2;\" border=\"1\">\n<tbody>\n<tr style=\"height: 72px;\">\n<td style=\"width: 28.079%; height: 72px; text-align: center;\">\u00a0<\/td>\n<td style=\"width: 23.929%; height: 72px; text-align: center;\"><strong>Salle 1<\/strong><br \/><strong>163 places assises<\/strong><br \/><strong>193 places debout<\/strong><\/td>\n<td style=\"width: 24.5984%; height: 72px; text-align: center;\"><strong>Salle 2<\/strong><br \/><strong>137 places assises<\/strong><br \/><strong>163 places debout<\/strong><\/td>\n<td style=\"width: 23.3936%; height: 72px; text-align: center;\"><strong>Salle 1 &amp; 2<\/strong><br \/><strong>300 places assises<\/strong><br \/><strong>356 places debout<\/strong><\/td>\n<\/tr>\n<tr style=\"height: 24px;\">\n<td style=\"width: 28.079%; height: 24px; text-align: center;\"><strong>Pour une demi journ\u00e9e<\/strong><\/td>\n<td style=\"width: 23.929%; height: 24px; text-align: center;\">320\u20ac<\/td>\n<td style=\"width: 24.5984%; height: 24px; text-align: center;\">280\u20ac<\/td>\n<td style=\"width: 23.3936%; height: 24px; text-align: center;\">540\u20ac<\/td>\n<\/tr>\n<tr style=\"height: 24px;\">\n<td style=\"width: 28.079%; height: 24px; text-align: center;\"><strong>Pour une journ\u00e9e<\/strong><\/td>\n<td style=\"width: 23.929%; height: 24px; text-align: center;\">560\u20ac<\/td>\n<td style=\"width: 24.5984%; height: 24px; text-align: center;\">490\u20ac<\/td>\n<td style=\"width: 23.3936%; height: 24px; text-align: center;\">940\u20ac<\/td>\n<\/tr>\n<tr style=\"height: 24px;\">\n<td style=\"width: 28.079%; height: 24px; text-align: center;\"><strong>Pour un week-end<\/strong><\/td>\n<td style=\"width: 23.929%; height: 24px; text-align: center;\">910\u20ac<\/td>\n<td style=\"width: 24.5984%; height: 24px; text-align: center;\">800\u20ac<\/td>\n<td style=\"width: 23.3936%; height: 24px; text-align: center;\">1500\u20ac<\/td>\n<\/tr>\n<\/tbody>\n<\/table>\n<p>[\/et_pb_accordion_item][et_pb_accordion_item title=\u00a0\u00bbLocation de mat\u00e9riel\u00a0\u00bb _builder_version=\u00a0\u00bb4.17.1&Prime; _module_preset=\u00a0\u00bbdefault\u00a0\u00bb global_colors_info=\u00a0\u00bb{}\u00a0\u00bb open=\u00a0\u00bboff\u00a0\u00bb]<\/p>\n<p><em>Tarifs r\u00e9visables chaque ann\u00e9e.<\/em><\/p>\n<p>La location sera destin\u00e9e aux landrecien.ne.s. Elle est gratuite pour les associations Landreciennes.<br \/>Il est propos\u00e9 de louer le mobilier de r\u00e9serve aux tarifs suivants :<\/p>\n<p>&#8211; Table : 2\u20ac<br \/>&#8211; Chaise : 1\u20ac<br \/>&#8211; Samias : 10\u20ac<br \/>&#8211; Caution de 150\u20ac<\/p>\n<p>Les tarifs pr\u00e9c\u00e9dents sont propos\u00e9s sans transport, l&rsquo;installation \u00e9tant \u00e0 la charge du loueur. L&rsquo;\u00e9tat du mobilier sera v\u00e9rifi\u00e9 avant et apr\u00e8s la location.<br \/>En cas de demande de transport, le tarif de location sera multipli\u00e9 par 3.<\/p>\n<p>[\/et_pb_accordion_item][et_pb_accordion_item title=\u00a0\u00bbDroits de place\u00a0\u00bb _builder_version=\u00a0\u00bb4.26.1&Prime; _module_preset=\u00a0\u00bbdefault\u00a0\u00bb hover_enabled=\u00a0\u00bb0&Prime; global_colors_info=\u00a0\u00bb{}\u00a0\u00bb open=\u00a0\u00bboff\u00a0\u00bb sticky_enabled=\u00a0\u00bb0&Prime;]<\/p>\n<p><em>Tarifs r\u00e9visables chaque ann\u00e9e.<\/em><\/p>\n<p>&nbsp;<\/p>\n<table style=\"width: 100%; border-collapse: collapse; background-color: #f2f2f2; height: 216px;\" border=\"1\">\n<tbody>\n<tr style=\"height: 24px;\">\n<td style=\"width: 50%; text-align: center; height: 24px;\"><strong>Manifestations<\/strong><\/td>\n<td style=\"width: 50%; text-align: center; height: 24px;\"><strong>\u00a0Tarifs 2023<\/strong><\/td>\n<\/tr>\n<tr style=\"height: 24px;\">\n<td style=\"width: 50%; text-align: center; height: 24px;\"><strong>March\u00e9<\/strong><\/td>\n<td style=\"width: 50%; text-align: center; height: 24px;\">0.85\u20ac le m\u00e8tre lin\u00e9aire<\/td>\n<\/tr>\n<tr style=\"height: 24px;\">\n<td style=\"width: 50%; text-align: center; height: 24px;\"><strong>Foire St-Luc<\/strong><\/td>\n<td style=\"width: 50%; text-align: center; height: 24px;\">2\u20ac le m\u00e8tre lin\u00e9aire<\/td>\n<\/tr>\n<tr style=\"height: 24px;\">\n<td style=\"width: 50%; text-align: center; height: 24px;\"><strong>F\u00eates foraines<\/strong><\/td>\n<td style=\"width: 50%; text-align: center; height: 24px;\">0.70\u20ac le m\u00e8tre carr\u00e9<\/td>\n<\/tr>\n<tr style=\"height: 48px;\">\n<td style=\"width: 50%; text-align: center; height: 48px;\"><strong>Chapiteaux et tout spectacle sur la voie publique<\/strong><\/td>\n<td style=\"width: 50%; text-align: center; height: 48px;\">102\u20ac par jour<\/td>\n<\/tr>\n<tr style=\"height: 24px;\">\n<td style=\"width: 50%; text-align: center; height: 24px;\"><strong>Camion de vente<\/strong><\/td>\n<td style=\"width: 50%; text-align: center; height: 24px;\">43\u20ac<\/td>\n<\/tr>\n<tr style=\"height: 24px;\">\n<td style=\"width: 50%; text-align: center; height: 24px;\"><strong>March\u00e9 sous le march\u00e9 couvert<\/strong><\/td>\n<td style=\"width: 50%; text-align: center; height: 24px;\">1.20\u20ac le m\u00e8tre lin\u00e9aire<\/td>\n<\/tr>\n<tr style=\"height: 24px;\">\n<td style=\"width: 50%; text-align: center; height: 24px;\"><strong>Autorisation de stationnement<br \/><\/strong><\/td>\n<td style=\"width: 50%; text-align: center; height: 24px;\">42.50\u20ac par mois<\/td>\n<\/tr>\n<\/tbody>\n<\/table>\n<p>[\/et_pb_accordion_item][et_pb_accordion_item title=\u00a0\u00bbLe march\u00e9 couvert\u00a0\u00bb _builder_version=\u00a0\u00bb4.17.1&Prime; _module_preset=\u00a0\u00bbdefault\u00a0\u00bb global_colors_info=\u00a0\u00bb{}\u00a0\u00bb open=\u00a0\u00bboff\u00a0\u00bb]<\/p>\n<p><em>Tarifs r\u00e9visables chaque ann\u00e9e.<\/em><\/p>\n<p>&nbsp;<\/p>\n<p>Vin d&rsquo;honneur \u00e0 partir de 16H le samedi et un maximum de deux locations par an : 239\u20ac<br \/>Caution de 239\u20ac demand\u00e9e.<\/p>\n<p>[\/et_pb_accordion_item][et_pb_accordion_item title=\u00a0\u00bbRestauration scolaire et garderie\u00a0\u00bb open=\u00a0\u00bbon\u00a0\u00bb _builder_version=\u00a0\u00bb4.26.1&Prime; _module_preset=\u00a0\u00bbdefault\u00a0\u00bb hover_enabled=\u00a0\u00bb0&Prime; global_colors_info=\u00a0\u00bb{}\u00a0\u00bb sticky_enabled=\u00a0\u00bb0&Prime;]<\/p>\n<p><em>Tarifs r\u00e9visables chaque ann\u00e9e.<\/em><\/p>\n<p>&nbsp;<\/p>\n<table style=\"width: 100%; border-collapse: collapse; background-color: #f2f2f2;\" border=\"1\">\n<tbody>\n<tr>\n<td style=\"width: 20%; text-align: center;\">\u00a0<\/td>\n<td style=\"width: 19.5985%; text-align: center;\"><strong>Landrecien.ne.s<\/strong><\/td>\n<td style=\"width: 15.716%; text-align: center;\"><strong>Personne ext\u00e9rieure \u00e0 Landrecies<\/strong><\/td>\n<td style=\"width: 15.85%; text-align: center;\"><strong>P\u00e9nalit\u00e9 si l&rsquo;enfant n&rsquo;\u00e9tait pas inscrit<br \/><\/strong><\/td>\n<\/tr>\n<tr>\n<td style=\"width: 20%; text-align: center;\"><strong>Restaurant scolaire<\/strong><\/td>\n<td style=\"width: 19.5985%; text-align: center;\">2.64\u20ac\/repas<\/td>\n<td style=\"width: 15.716%; text-align: center;\">3.38\u20ac\/repas<\/td>\n<td style=\"width: 15.85%; text-align: center;\">\/<\/td>\n<\/tr>\n<tr>\n<td style=\"width: 20%; text-align: center;\"><strong>Garderie<\/strong><\/td>\n<td style=\"width: 19.5985%; text-align: center;\">2.50\u20ac\/jour par enfant<\/td>\n<td style=\"width: 15.716%; text-align: center;\">2.50\u20ac\/jour<\/td>\n<td style=\"width: 15.85%; text-align: center;\">5\u20ac le matin et le soir par enfant<\/td>\n<\/tr>\n<\/tbody>\n<\/table>\n<p>Les autres tarifs de la cantine sont les suivants : <\/p>\n<p>&#8211; 3.96\u20ac pour les enseignants et le personnel communal ;<br \/>&#8211; 6\u20ac pour les a\u00een\u00e9s participant au dispositif cantine interg\u00e9n\u00e9rationnel.<\/p>\n<p>[\/et_pb_accordion_item][\/et_pb_accordion][\/et_pb_column][\/et_pb_row][\/et_pb_section]<\/p>\n","protected":false},"excerpt":{"rendered":"<p>Service \u00c9tat-civilLes tarifs ci-dessous correspondent \u00e0 la concession cinquantenaire et au monument.Tarifs r\u00e9visables chaque ann\u00e9e. &nbsp; Concession cinquantenaire 1 \u00e0 3 places(2.35 x 1.10m) 278\u20ac Concession cinquantenaire 4 places(1.70 x 2.35m) 384\u20ac Concession cinquantenaire 6 places(1.70 x 2.35m) 441\u20ac Concession cinquantenaire enfant(1.50 x 0.80m) 66\u20ac Caveau provisoire 5\u20ac par jour puis 1\u20ac par jour suppl\u00e9mentaire [&hellip;]<\/p>\n","protected":false},"author":14,"featured_media":593,"parent":0,"menu_order":0,"comment_status":"closed","ping_status":"closed","template":"page-template-fullwidth.php","meta":{"_et_pb_use_builder":"on","_et_pb_old_content":"","_et_gb_content_width":"","_eb_attr":"","footnotes":""},"class_list":["post-728","page","type-page","status-publish","has-post-thumbnail","hentry"],"_links":{"self":[{"href":"https:\/\/landrecies.com\/index.php\/wp-json\/wp\/v2\/pages\/728","targetHints":{"allow":["GET"]}}],"collection":[{"href":"https:\/\/landrecies.com\/index.php\/wp-json\/wp\/v2\/pages"}],"about":[{"href":"https:\/\/landrecies.com\/index.php\/wp-json\/wp\/v2\/types\/page"}],"author":[{"embeddable":true,"href":"https:\/\/landrecies.com\/index.php\/wp-json\/wp\/v2\/users\/14"}],"replies":[{"embeddable":true,"href":"https:\/\/landrecies.com\/index.php\/wp-json\/wp\/v2\/comments?post=728"}],"version-history":[{"count":73,"href":"https:\/\/landrecies.com\/index.php\/wp-json\/wp\/v2\/pages\/728\/revisions"}],"predecessor-version":[{"id":7835,"href":"https:\/\/landrecies.com\/index.php\/wp-json\/wp\/v2\/pages\/728\/revisions\/7835"}],"wp:featuredmedia":[{"embeddable":true,"href":"https:\/\/landrecies.com\/index.php\/wp-json\/wp\/v2\/media\/593"}],"wp:attachment":[{"href":"https:\/\/landrecies.com\/index.php\/wp-json\/wp\/v2\/media?parent=728"}],"curies":[{"name":"wp","href":"https:\/\/api.w.org\/{rel}","templated":true}]}}