{"id":99,"date":"2018-07-17T14:20:37","date_gmt":"2018-07-17T14:20:37","guid":{"rendered":"https:\/\/landrecies.efficience59.ovh\/?page_id=99"},"modified":"2020-02-04T14:46:18","modified_gmt":"2020-02-04T14:46:18","slug":"nos-partenaires-culturels","status":"publish","type":"page","link":"https:\/\/landrecies.com\/index.php\/nos-partenaires-culturels\/","title":{"rendered":"Nos partenaires culturels"},"content":{"rendered":"<p>[et_pb_section fb_built=\u00a0\u00bb1&Prime; fullwidth=\u00a0\u00bbon\u00a0\u00bb _builder_version=\u00a0\u00bb4.0.6&Prime; animation_style=\u00a0\u00bbslide\u00a0\u00bb animation_direction=\u00a0\u00bbtop\u00a0\u00bb animation_intensity_slide=\u00a0\u00bb2%\u00a0\u00bb animation_starting_opacity=\u00a0\u00bb100%\u00a0\u00bb hover_enabled=\u00a0\u00bb0&Prime; background_image=\u00a0\u00bbhttp:\/\/landrecies.com\/wp-content\/uploads\/2018\/07\/assos-landrecies.jpg\u00a0\u00bb background_position=\u00a0\u00bbtop_center\u00a0\u00bb][et_pb_fullwidth_header title=\u00a0\u00bbNos partenaires culturels\u00a0\u00bb content_max_width=\u00a0\u00bb800px\u00a0\u00bb _builder_version=\u00a0\u00bb4.0.6&Prime; title_level=\u00a0\u00bbh2&Prime; title_font=\u00a0\u00bbLato||||||||\u00a0\u00bb title_font_size=\u00a0\u00bb60px\u00a0\u00bb title_line_height=\u00a0\u00bb1.2em\u00a0\u00bb content_font_size=\u00a0\u00bb20px\u00a0\u00bb content_line_height=\u00a0\u00bb1.8em\u00a0\u00bb background_color=\u00a0\u00bbrgba(255,255,255,0)\u00a0\u00bb use_background_color_gradient=\u00a0\u00bbon\u00a0\u00bb background_color_gradient_start=\u00a0\u00bbrgba(0,0,0,0.75)\u00a0\u00bb background_color_gradient_end=\u00a0\u00bbrgba(0,0,0,0)\u00a0\u00bb background_color_gradient_direction=\u00a0\u00bb90deg\u00a0\u00bb background_color_gradient_overlays_image=\u00a0\u00bbon\u00a0\u00bb background_image=\u00a0\u00bbhttps:\/\/landrecies.efficience59.ovh\/wp-content\/uploads\/2018\/10\/ciel-centre-landrecies.jpg\u00a0\u00bb custom_button_one=\u00a0\u00bbon\u00a0\u00bb button_one_text_size=\u00a0\u00bb18px\u00a0\u00bb button_one_bg_color=\u00a0\u00bb#02d002&Prime; button_one_border_width=\u00a0\u00bb8px\u00a0\u00bb button_one_border_color=\u00a0\u00bb#02d002&Prime; button_one_border_radius=\u00a0\u00bb0px\u00a0\u00bb button_one_letter_spacing=\u00a0\u00bb1px\u00a0\u00bb button_one_font=\u00a0\u00bbLato|700|||||||\u00a0\u00bb button_one_use_icon=\u00a0\u00bboff\u00a0\u00bb custom_button_two=\u00a0\u00bbon\u00a0\u00bb button_two_text_size=\u00a0\u00bb18px\u00a0\u00bb button_two_text_color=\u00a0\u00bb#353740&Prime; button_two_bg_color=\u00a0\u00bb#ffffff\u00a0\u00bb button_two_border_width=\u00a0\u00bb8px\u00a0\u00bb button_two_border_color=\u00a0\u00bb#ffffff\u00a0\u00bb button_two_border_radius=\u00a0\u00bb0px\u00a0\u00bb button_two_letter_spacing=\u00a0\u00bb1px\u00a0\u00bb button_two_font=\u00a0\u00bbLato|700|||||||\u00a0\u00bb button_two_use_icon=\u00a0\u00bboff\u00a0\u00bb custom_margin=\u00a0\u00bb|||\u00a0\u00bb custom_padding=\u00a0\u00bb8%||8%|\u00a0\u00bb title_font_size_tablet=\u00a0\u00bb\u00a0\u00bb title_font_size_phone=\u00a0\u00bb35px\u00a0\u00bb title_font_size_last_edited=\u00a0\u00bbon|desktop\u00a0\u00bb button_one_letter_spacing_hover=\u00a0\u00bb1px\u00a0\u00bb button_two_letter_spacing_hover=\u00a0\u00bb1px\u00a0\u00bb locked=\u00a0\u00bboff\u00a0\u00bb button_one_text_size__hover_enabled=\u00a0\u00bboff\u00a0\u00bb button_one_text_size__hover=\u00a0\u00bbnull\u00a0\u00bb button_two_text_size__hover_enabled=\u00a0\u00bboff\u00a0\u00bb button_two_text_size__hover=\u00a0\u00bbnull\u00a0\u00bb button_one_text_color__hover_enabled=\u00a0\u00bboff\u00a0\u00bb button_one_text_color__hover=\u00a0\u00bbnull\u00a0\u00bb button_two_text_color__hover_enabled=\u00a0\u00bboff\u00a0\u00bb button_two_text_color__hover=\u00a0\u00bbnull\u00a0\u00bb button_one_border_width__hover_enabled=\u00a0\u00bboff\u00a0\u00bb button_one_border_width__hover=\u00a0\u00bbnull\u00a0\u00bb button_two_border_width__hover_enabled=\u00a0\u00bboff\u00a0\u00bb button_two_border_width__hover=\u00a0\u00bbnull\u00a0\u00bb button_one_border_color__hover_enabled=\u00a0\u00bboff\u00a0\u00bb button_one_border_color__hover=\u00a0\u00bbnull\u00a0\u00bb button_two_border_color__hover_enabled=\u00a0\u00bboff\u00a0\u00bb button_two_border_color__hover=\u00a0\u00bbnull\u00a0\u00bb button_one_border_radius__hover_enabled=\u00a0\u00bboff\u00a0\u00bb button_one_border_radius__hover=\u00a0\u00bbnull\u00a0\u00bb button_two_border_radius__hover_enabled=\u00a0\u00bboff\u00a0\u00bb button_two_border_radius__hover=\u00a0\u00bbnull\u00a0\u00bb button_one_letter_spacing__hover_enabled=\u00a0\u00bbon\u00a0\u00bb button_one_letter_spacing__hover=\u00a0\u00bb1px\u00a0\u00bb button_two_letter_spacing__hover_enabled=\u00a0\u00bbon\u00a0\u00bb button_two_letter_spacing__hover=\u00a0\u00bb1px\u00a0\u00bb button_one_bg_color__hover_enabled=\u00a0\u00bboff\u00a0\u00bb button_one_bg_color__hover=\u00a0\u00bbnull\u00a0\u00bb button_two_bg_color__hover_enabled=\u00a0\u00bboff\u00a0\u00bb button_two_bg_color__hover=\u00a0\u00bbnull\u00a0\u00bb][\/et_pb_fullwidth_header][\/et_pb_section][et_pb_section fb_built=\u00a0\u00bb1&Prime; custom_padding_last_edited=\u00a0\u00bbon|desktop\u00a0\u00bb admin_label=\u00a0\u00bbInformation Section\u00a0\u00bb module_id=\u00a0\u00bbehpad\u00a0\u00bb _builder_version=\u00a0\u00bb3.22&Prime; custom_padding=\u00a0\u00bb100px||100px|\u00a0\u00bb custom_padding_tablet=\u00a0\u00bb\u00a0\u00bb custom_padding_phone=\u00a0\u00bb30px||30px||true\u00a0\u00bb][et_pb_row column_structure=\u00a0\u00bb1_2,1_2&Prime; admin_label=\u00a0\u00bbInformation Area\u00a0\u00bb _builder_version=\u00a0\u00bb3.25&Prime; width=\u00a0\u00bb100%\u00a0\u00bb custom_margin=\u00a0\u00bb|||\u00a0\u00bb use_custom_width=\u00a0\u00bbon\u00a0\u00bb custom_width_px=\u00a0\u00bb650px\u00a0\u00bb][et_pb_column type=\u00a0\u00bb1_2&Prime; _builder_version=\u00a0\u00bb3.25&Prime; custom_padding=\u00a0\u00bb|||\u00a0\u00bb custom_padding__hover=\u00a0\u00bb|||\u00a0\u00bb][et_pb_text admin_label=\u00a0\u00bbCENTRE SOCIAL ET CULTUREL\u00a0\u00bb _builder_version=\u00a0\u00bb4.0.6&Prime; header_2_font=\u00a0\u00bbLato||||||||\u00a0\u00bb header_2_font_size=\u00a0\u00bb36px\u00a0\u00bb header_2_line_height=\u00a0\u00bb1.5em\u00a0\u00bb module_alignment=\u00a0\u00bbcenter\u00a0\u00bb custom_margin=\u00a0\u00bb||15px|\u00a0\u00bb custom_padding=\u00a0\u00bb|||\u00a0\u00bb animation_direction=\u00a0\u00bbleft\u00a0\u00bb]<\/p>\n<h3 style=\"text-align: left;\"><strong>CENTRE SOCIAL &amp; CULTUREL Edouard Bantigny<\/strong><\/h3>\n<p>[\/et_pb_text][et_pb_text _builder_version=\u00a0\u00bb4.0.6&Prime;]<\/p>\n<p>Rue Maurice Leblond &#8211; BP 50071<br \/>Directrice : Madame Marie-Aline GROS<br \/>T\u00e9l. : 03.27.84.73.95 &#8211; Fax : 03.27.84.70.17<br \/>courriel : edouard-bantignycentre-social@orange.fr<br \/>Facebook : Centre Social &amp; Culturel de Landrecies<\/p>\n<p>[\/et_pb_text][et_pb_text _builder_version=\u00a0\u00bb4.0.6&Prime; custom_margin=\u00a0\u00bb-15px|||||\u00a0\u00bb]<\/p>\n<p>Ouvert \u00e0 toutes les tranches d&rsquo;\u00e2ge<br \/>Adh\u00e9sion obligatoire au Centre Social selon les activit\u00e9s (tarifs : contacter le Centre Social)<\/p>\n<p>[\/et_pb_text][et_pb_text _builder_version=\u00a0\u00bb4.0.6&Prime; custom_margin=\u00a0\u00bb-21px||3px|||\u00a0\u00bb]<\/p>\n<ul>\n<li>Secteur petite enfance : 0 &#8211; 6 ans <br \/>&#8211; ateliers parents\/enfants \u00ables pitchous\u00bb<br \/>&#8211; accueil enfants\/parents\u00ab les lutins \u00bb<\/li>\n<li>Secteur enfance : 3 &#8211; 12 ans<br \/>&#8211; accueil p\u00e9riscolaire<\/li>\n<\/ul>\n<p>[\/et_pb_text][et_pb_text _builder_version=\u00a0\u00bb4.0.6&Prime; custom_margin=\u00a0\u00bb-13px|||||\u00a0\u00bb]<\/p>\n<ul>\n<li>Secteur jeunesse : 12 &#8211; 25 ans<br \/>Diff\u00e9rents ateliers pour les jeunes, organisation de sorties, accompagnement des jeunes, autofinancement des activit\u00e9s<\/li>\n<\/ul>\n<p>[\/et_pb_text][\/et_pb_column][et_pb_column type=\u00a0\u00bb1_2&Prime; _builder_version=\u00a0\u00bb3.25&Prime; custom_padding=\u00a0\u00bb|||\u00a0\u00bb custom_padding__hover=\u00a0\u00bb|||\u00a0\u00bb][et_pb_blurb title=\u00a0\u00bbPlaquette des activit\u00e9s du Centre Social et Culturel\u00a0\u00bb url_new_window=\u00a0\u00bbon\u00a0\u00bb use_icon=\u00a0\u00bbon\u00a0\u00bb font_icon=\u00a0\u00bb%%233%%\u00a0\u00bb icon_color=\u00a0\u00bb#404040&Prime; use_circle=\u00a0\u00bbon\u00a0\u00bb circle_color=\u00a0\u00bbrgba(0,0,0,0)\u00a0\u00bb use_circle_border=\u00a0\u00bbon\u00a0\u00bb circle_border_color=\u00a0\u00bb#404040&Prime; content_max_width=\u00a0\u00bb391px\u00a0\u00bb use_icon_font_size=\u00a0\u00bbon\u00a0\u00bb icon_font_size=\u00a0\u00bb50px\u00a0\u00bb admin_label=\u00a0\u00bbCarte touristique 2018&Prime; _builder_version=\u00a0\u00bb4.0.6&Prime; header_font=\u00a0\u00bb|700||on|||||\u00a0\u00bb header_text_align=\u00a0\u00bbcenter\u00a0\u00bb width=\u00a0\u00bb63.7%\u00a0\u00bb module_alignment=\u00a0\u00bbcenter\u00a0\u00bb custom_margin=\u00a0\u00bb-13px|120px||||\u00a0\u00bb custom_padding=\u00a0\u00bb||15px\u00a0\u00bb link_option_url=\u00a0\u00bbhttp:\/\/landrecies.com\/wp-content\/uploads\/2020\/02\/Plaquette-des-activit\u00e9s-du-CSC.pdf\u00a0\u00bb link_option_url_new_window=\u00a0\u00bbon\u00a0\u00bb border_radii=\u00a0\u00bbon|20px|20px|20px|20px\u00a0\u00bb border_width_bottom=\u00a0\u00bb3px\u00a0\u00bb border_color_bottom=\u00a0\u00bb#4CE694&Prime;][\/et_pb_blurb][et_pb_text _builder_version=\u00a0\u00bb4.0.6&Prime; custom_margin=\u00a0\u00bb-38px|||||\u00a0\u00bb custom_padding=\u00a0\u00bb25px||0px|||\u00a0\u00bb]<\/p>\n<ul>\n<li>Parentalit\u00e9<br \/>Partager son exp\u00e9rience, aborder divers sujets pendant les ateliers qui vous sont d\u00e9di\u00e9s.<\/li>\n<\/ul>\n<p>[\/et_pb_text][et_pb_text _builder_version=\u00a0\u00bb4.0.6&Prime; custom_margin=\u00a0\u00bb-38px|||||\u00a0\u00bb custom_padding=\u00a0\u00bb0px|||||\u00a0\u00bb]<\/p>\n<ul>\n<li>Familles et Adultes<br \/>S\u00e9jours et sorties en famille ou entre adultes<\/li>\n<li>S\u00e9niors<br \/>Activit\u00e9s de d\u00e9tente (danses, sorties, etc.) et temps de paroles<\/li>\n<\/ul>\n<p>[\/et_pb_text][et_pb_text _builder_version=\u00a0\u00bb4.0.6&Prime; custom_margin=\u00a0\u00bb-38px|||||\u00a0\u00bb custom_padding=\u00a0\u00bb0px|||||\u00a0\u00bb]<\/p>\n<p>\u00c9v\u00e8nements annuels :<br \/>Bourse aux v\u00eatements<br \/>Bourse aux jouets<br \/>Forum Sant\u00e9 et Bien &#8211; Etre<br \/>Gala de Modern\u2019 Jazz en juin<br \/>R\u00e9veillon de la Solidarit\u00e9<\/p>\n<p>[\/et_pb_text][\/et_pb_column][\/et_pb_row][et_pb_row column_structure=\u00a0\u00bb1_2,1_2&Prime; _builder_version=\u00a0\u00bb4.0.6&Prime; custom_padding=\u00a0\u00bb24px|||||\u00a0\u00bb][et_pb_column type=\u00a0\u00bb1_2&Prime; _builder_version=\u00a0\u00bb4.0.6&Prime;][et_pb_text admin_label=\u00a0\u00bbCENTRE SOCIAL ET CULTUREL\u00a0\u00bb _builder_version=\u00a0\u00bb4.0.6&Prime; header_2_font=\u00a0\u00bbLato||||||||\u00a0\u00bb header_2_font_size=\u00a0\u00bb36px\u00a0\u00bb header_2_line_height=\u00a0\u00bb1.5em\u00a0\u00bb module_alignment=\u00a0\u00bbcenter\u00a0\u00bb custom_margin=\u00a0\u00bb||15px|\u00a0\u00bb custom_padding=\u00a0\u00bb7px|||||\u00a0\u00bb animation_direction=\u00a0\u00bbleft\u00a0\u00bb]<\/p>\n<h3 style=\"text-align: center;\"><strong>La chambre d&rsquo;Eau<br \/><\/strong><\/h3>\n<p>[\/et_pb_text][et_pb_text _builder_version=\u00a0\u00bb4.0.6&Prime; custom_margin=\u00a0\u00bb-1px||19px|||\u00a0\u00bb custom_padding=\u00a0\u00bb0px|||||\u00a0\u00bb]<\/p>\n<p style=\"text-align: center;\"><a href=\"https:\/\/www.facebook.com\/pages\/category\/Cultural-Center\/La-chambre-deau-132868026867992\/\" target=\"_blank\" rel=\"noopener noreferrer\"><strong>Page Facebook La Chambre d&rsquo;Eau<\/strong><\/a><\/p>\n<p>[\/et_pb_text][\/et_pb_column][et_pb_column type=\u00a0\u00bb1_2&Prime; _builder_version=\u00a0\u00bb4.0.6&Prime;][et_pb_image src=\u00a0\u00bbhttp:\/\/landrecies.com\/wp-content\/uploads\/2020\/02\/logo-Chambre-dEau-2.png\u00a0\u00bb url=\u00a0\u00bbhttps:\/\/www.lachambredeau.fr\/\u00a0\u00bb url_new_window=\u00a0\u00bbon\u00a0\u00bb _builder_version=\u00a0\u00bb4.0.6&Prime;][\/et_pb_image][\/et_pb_column][\/et_pb_row][et_pb_row column_structure=\u00a0\u00bb1_2,1_2&Prime; _builder_version=\u00a0\u00bb4.0.6&Prime;][et_pb_column type=\u00a0\u00bb1_2&Prime; _builder_version=\u00a0\u00bb4.0.6&Prime;][et_pb_text admin_label=\u00a0\u00bbCENTRE SOCIAL ET CULTUREL\u00a0\u00bb _builder_version=\u00a0\u00bb4.0.6&Prime; header_2_font=\u00a0\u00bbLato||||||||\u00a0\u00bb header_2_font_size=\u00a0\u00bb36px\u00a0\u00bb header_2_line_height=\u00a0\u00bb1.5em\u00a0\u00bb module_alignment=\u00a0\u00bbcenter\u00a0\u00bb custom_margin=\u00a0\u00bb||15px|\u00a0\u00bb custom_padding=\u00a0\u00bb34px|||||\u00a0\u00bb animation_direction=\u00a0\u00bbleft\u00a0\u00bb]<\/p>\n<h3 style=\"text-align: center;\"><strong><a href=\"https:\/\/www.cc-paysdemormal.fr\/culture\" target=\"_blank\" rel=\"noopener noreferrer\">le service culturel de la c.c.p.m<\/a><br \/><\/strong><\/h3>\n<p>[\/et_pb_text][et_pb_text _builder_version=\u00a0\u00bb4.0.6&Prime; custom_margin=\u00a0\u00bb-1px||19px|||\u00a0\u00bb custom_padding=\u00a0\u00bb0px|||||\u00a0\u00bb]<\/p>\n<p><a href=\"https:\/\/www.facebook.com\/cultureenccpm\/?ref=search&amp;__tn__=%2Cd%2CP-R&amp;eid=ARBVe1uzdnjEFm4JSN-CsKDaZToFW190QQkJjBS8JIh17-JpKgFUn9g5jmowtWMbt6HDa1GIZQlB-vT2\" target=\"_blank\" rel=\"noopener noreferrer\"><strong>Facebook Culture en Communaut\u00e9 de Communes du Pays de Mormal<\/strong><\/a><\/p>\n<p>[\/et_pb_text][\/et_pb_column][et_pb_column type=\u00a0\u00bb1_2&Prime; _builder_version=\u00a0\u00bb4.0.6&Prime;][\/et_pb_column][\/et_pb_row][\/et_pb_section][et_pb_section fb_built=\u00a0\u00bb1&Prime; fullwidth=\u00a0\u00bbon\u00a0\u00bb admin_label=\u00a0\u00bbCall to Action\u00a0\u00bb _builder_version=\u00a0\u00bb3.19.6&Prime; animation_style=\u00a0\u00bbslide\u00a0\u00bb animation_direction=\u00a0\u00bbbottom\u00a0\u00bb animation_intensity_slide=\u00a0\u00bb6%\u00a0\u00bb animation_starting_opacity=\u00a0\u00bb100%\u00a0\u00bb global_module=\u00a0\u00bb195&Prime; locked=\u00a0\u00bboff\u00a0\u00bb][et_pb_fullwidth_header title=\u00a0\u00bbBesoin d&rsquo;informations ?\u00a0\u00bb button_one_text=\u00a0\u00bbConsulter l&rsquo;actualit\u00e9 de Landrecies\u00a0\u00bb button_one_url=\u00a0\u00bbhttps:\/\/landrecies.com\/index.php\/blog\/\u00a0\u00bb button_two_text=\u00a0\u00bbNous contacter\u00a0\u00bb button_two_url=\u00a0\u00bbhttps:\/\/landrecies.com\/index.php\/contact\/\u00a0\u00bb content_max_width=\u00a0\u00bb800px\u00a0\u00bb disabled_on=\u00a0\u00bbon|off|off\u00a0\u00bb _builder_version=\u00a0\u00bb4.0.6&Prime; title_level=\u00a0\u00bbh4&Prime; title_font=\u00a0\u00bbLato||||||||\u00a0\u00bb title_text_color=\u00a0\u00bb#ffffff\u00a0\u00bb title_font_size=\u00a0\u00bb60px\u00a0\u00bb title_line_height=\u00a0\u00bb1.2em\u00a0\u00bb content_font_size=\u00a0\u00bb20px\u00a0\u00bb content_line_height=\u00a0\u00bb1.8em\u00a0\u00bb background_color=\u00a0\u00bbrgba(255,255,255,0)\u00a0\u00bb use_background_color_gradient=\u00a0\u00bbon\u00a0\u00bb background_color_gradient_start=\u00a0\u00bbrgba(0,0,0,0.75)\u00a0\u00bb background_color_gradient_end=\u00a0\u00bbrgba(0,0,0,0)\u00a0\u00bb background_color_gradient_direction=\u00a0\u00bb90deg\u00a0\u00bb background_color_gradient_overlays_image=\u00a0\u00bbon\u00a0\u00bb background_image=\u00a0\u00bbhttp:\/\/landrecies.com\/wp-content\/uploads\/2018\/08\/landrecies-canal-02.jpg\u00a0\u00bb custom_button_one=\u00a0\u00bbon\u00a0\u00bb button_one_text_size=\u00a0\u00bb18px\u00a0\u00bb button_one_text_color=\u00a0\u00bb#ffffff\u00a0\u00bb button_one_bg_color=\u00a0\u00bb#4ae595&Prime; button_one_border_width=\u00a0\u00bb8px\u00a0\u00bb button_one_border_color=\u00a0\u00bb#4ae595&Prime; button_one_border_radius=\u00a0\u00bb0px\u00a0\u00bb button_one_letter_spacing=\u00a0\u00bb1px\u00a0\u00bb button_one_font=\u00a0\u00bbLato|700|||||||\u00a0\u00bb button_one_use_icon=\u00a0\u00bboff\u00a0\u00bb custom_button_two=\u00a0\u00bbon\u00a0\u00bb button_two_text_size=\u00a0\u00bb18px\u00a0\u00bb button_two_text_color=\u00a0\u00bb#000000&Prime; button_two_bg_color=\u00a0\u00bb#ffffff\u00a0\u00bb button_two_border_width=\u00a0\u00bb8px\u00a0\u00bb button_two_border_color=\u00a0\u00bb#ffffff\u00a0\u00bb button_two_border_radius=\u00a0\u00bb0px\u00a0\u00bb button_two_letter_spacing=\u00a0\u00bb1px\u00a0\u00bb button_two_font=\u00a0\u00bbLato|700|||||||\u00a0\u00bb button_two_use_icon=\u00a0\u00bboff\u00a0\u00bb custom_margin=\u00a0\u00bb|||\u00a0\u00bb custom_padding=\u00a0\u00bb8%||8%|\u00a0\u00bb button_one_letter_spacing_hover=\u00a0\u00bb1px\u00a0\u00bb button_two_letter_spacing_hover=\u00a0\u00bb1px\u00a0\u00bb button_one_text_size__hover_enabled=\u00a0\u00bboff\u00a0\u00bb button_one_text_size__hover=\u00a0\u00bbnull\u00a0\u00bb button_two_text_size__hover_enabled=\u00a0\u00bboff\u00a0\u00bb button_two_text_size__hover=\u00a0\u00bbnull\u00a0\u00bb button_one_text_color__hover_enabled=\u00a0\u00bboff\u00a0\u00bb button_one_text_color__hover=\u00a0\u00bbnull\u00a0\u00bb button_two_text_color__hover_enabled=\u00a0\u00bboff\u00a0\u00bb button_two_text_color__hover=\u00a0\u00bbnull\u00a0\u00bb button_one_border_width__hover_enabled=\u00a0\u00bboff\u00a0\u00bb button_one_border_width__hover=\u00a0\u00bbnull\u00a0\u00bb button_two_border_width__hover_enabled=\u00a0\u00bboff\u00a0\u00bb button_two_border_width__hover=\u00a0\u00bbnull\u00a0\u00bb button_one_border_color__hover_enabled=\u00a0\u00bboff\u00a0\u00bb button_one_border_color__hover=\u00a0\u00bbnull\u00a0\u00bb button_two_border_color__hover_enabled=\u00a0\u00bboff\u00a0\u00bb button_two_border_color__hover=\u00a0\u00bbnull\u00a0\u00bb button_one_border_radius__hover_enabled=\u00a0\u00bboff\u00a0\u00bb button_one_border_radius__hover=\u00a0\u00bbnull\u00a0\u00bb button_two_border_radius__hover_enabled=\u00a0\u00bboff\u00a0\u00bb button_two_border_radius__hover=\u00a0\u00bbnull\u00a0\u00bb button_one_letter_spacing__hover_enabled=\u00a0\u00bbon\u00a0\u00bb button_one_letter_spacing__hover=\u00a0\u00bb1px\u00a0\u00bb button_two_letter_spacing__hover_enabled=\u00a0\u00bbon\u00a0\u00bb button_two_letter_spacing__hover=\u00a0\u00bb1px\u00a0\u00bb button_one_bg_color__hover_enabled=\u00a0\u00bboff\u00a0\u00bb button_one_bg_color__hover=\u00a0\u00bbnull\u00a0\u00bb button_two_bg_color__hover_enabled=\u00a0\u00bboff\u00a0\u00bb button_two_bg_color__hover=\u00a0\u00bbnull\u00a0\u00bb]<\/p>\n<p>Suivez-nous sur les r\u00e9seaux sociaux :<\/p>\n<h4><a href=\"https:\/\/l.facebook.com\/l.php?u=https%3A%2F%2Ftwitter.com%2FMLandrecies%3Fs%3D07%26fbclid%3DIwAR3dr26rCiBVCY4h6YuqFQkqYE8uy7WU2zeEqAzSc5qxK6PUa-OLv3OWs6Q&amp;h=AT0Q7UQYaCmlpGoLQqb4D_28n19ZhvXkIeRfzWkWWwnycq2lbE15uoK0zqA05huONknOTiUIf6QHJ5dKwGArQAerA8H31aci1xU3_MX3JM9GVj3FJb8pl92zrOQPR8Tx6qU\"><img loading=\"lazy\" decoding=\"async\" class=\"wp-image-1611 alignnone size-full\" src=\"http:\/\/landrecies.com\/wp-content\/uploads\/2019\/01\/logo-twit-2.png\" alt=\"\" width=\"37\" height=\"30\" \/><\/a>\u00a0@MLandrecies\u00a0 \u00a0 \u00a0 \u00a0<img loading=\"lazy\" decoding=\"async\" class=\"wp-image-1610 alignnone size-full\" src=\"http:\/\/landrecies.com\/wp-content\/uploads\/2019\/01\/logo-snap-2.png\" alt=\"\" width=\"37\" height=\"30\" \/><span style=\"font-size: 16px;\">\u00a0villeLandrecies\u00a0 \u00a0 \u00a0 \u00a0<a href=\"https:\/\/www.fb.com\/mairiedelandrecies\/\"><img loading=\"lazy\" decoding=\"async\" class=\"wp-image-2057 alignnone size-full\" src=\"http:\/\/landrecies.com\/wp-content\/uploads\/2019\/01\/logo-fb-2.png\" alt=\"\" width=\"37\" height=\"30\" \/><\/a>\u00a0mairiedelandrecies<\/span><\/h4>\n<p>[\/et_pb_fullwidth_header][et_pb_fullwidth_header title=\u00a0\u00bbBesoin d&rsquo;informations ?\u00a0\u00bb button_one_text=\u00a0\u00bbConsulter l&rsquo;actualit\u00e9 de Landrecies\u00a0\u00bb button_one_url=\u00a0\u00bbhttps:\/\/landrecies.com\/index.php\/blog\/\u00a0\u00bb button_two_text=\u00a0\u00bbNous contacter\u00a0\u00bb button_two_url=\u00a0\u00bbhttps:\/\/landrecies.com\/index.php\/contact\/\u00a0\u00bb content_max_width=\u00a0\u00bb800px\u00a0\u00bb disabled_on=\u00a0\u00bboff|on|on\u00a0\u00bb _builder_version=\u00a0\u00bb4.0.6&Prime; title_level=\u00a0\u00bbh4&Prime; title_font=\u00a0\u00bbLato||||||||\u00a0\u00bb title_text_color=\u00a0\u00bb#ffffff\u00a0\u00bb title_font_size=\u00a0\u00bb35px\u00a0\u00bb title_line_height=\u00a0\u00bb1.2em\u00a0\u00bb content_font_size=\u00a0\u00bb20px\u00a0\u00bb content_line_height=\u00a0\u00bb1.8em\u00a0\u00bb background_color=\u00a0\u00bbrgba(255,255,255,0)\u00a0\u00bb use_background_color_gradient=\u00a0\u00bbon\u00a0\u00bb background_color_gradient_start=\u00a0\u00bbrgba(0,0,0,0.75)\u00a0\u00bb background_color_gradient_end=\u00a0\u00bbrgba(0,0,0,0)\u00a0\u00bb background_color_gradient_direction=\u00a0\u00bb90deg\u00a0\u00bb background_color_gradient_overlays_image=\u00a0\u00bbon\u00a0\u00bb background_image=\u00a0\u00bbhttp:\/\/landrecies.com\/wp-content\/uploads\/2018\/08\/landrecies-canal-02.jpg\u00a0\u00bb custom_button_one=\u00a0\u00bbon\u00a0\u00bb button_one_text_size=\u00a0\u00bb18px\u00a0\u00bb button_one_text_color=\u00a0\u00bb#ffffff\u00a0\u00bb button_one_bg_color=\u00a0\u00bb#4ae595&Prime; button_one_border_width=\u00a0\u00bb8px\u00a0\u00bb button_one_border_color=\u00a0\u00bb#4ae595&Prime; button_one_border_radius=\u00a0\u00bb0px\u00a0\u00bb button_one_letter_spacing=\u00a0\u00bb1px\u00a0\u00bb button_one_font=\u00a0\u00bbLato|700|||||||\u00a0\u00bb button_one_use_icon=\u00a0\u00bboff\u00a0\u00bb custom_button_two=\u00a0\u00bbon\u00a0\u00bb button_two_text_size=\u00a0\u00bb18px\u00a0\u00bb button_two_text_color=\u00a0\u00bb#000000&Prime; button_two_bg_color=\u00a0\u00bb#ffffff\u00a0\u00bb button_two_border_width=\u00a0\u00bb8px\u00a0\u00bb button_two_border_color=\u00a0\u00bb#ffffff\u00a0\u00bb button_two_border_radius=\u00a0\u00bb0px\u00a0\u00bb button_two_letter_spacing=\u00a0\u00bb1px\u00a0\u00bb button_two_font=\u00a0\u00bbLato|700|||||||\u00a0\u00bb button_two_use_icon=\u00a0\u00bboff\u00a0\u00bb custom_margin=\u00a0\u00bb|||\u00a0\u00bb custom_padding=\u00a0\u00bb8%||8%|\u00a0\u00bb button_one_letter_spacing_hover=\u00a0\u00bb1px\u00a0\u00bb button_two_letter_spacing_hover=\u00a0\u00bb1px\u00a0\u00bb button_one_text_size__hover_enabled=\u00a0\u00bboff\u00a0\u00bb button_one_text_size__hover=\u00a0\u00bbnull\u00a0\u00bb button_two_text_size__hover_enabled=\u00a0\u00bboff\u00a0\u00bb button_two_text_size__hover=\u00a0\u00bbnull\u00a0\u00bb button_one_text_color__hover_enabled=\u00a0\u00bboff\u00a0\u00bb button_one_text_color__hover=\u00a0\u00bbnull\u00a0\u00bb button_two_text_color__hover_enabled=\u00a0\u00bboff\u00a0\u00bb button_two_text_color__hover=\u00a0\u00bbnull\u00a0\u00bb button_one_border_width__hover_enabled=\u00a0\u00bboff\u00a0\u00bb button_one_border_width__hover=\u00a0\u00bbnull\u00a0\u00bb button_two_border_width__hover_enabled=\u00a0\u00bboff\u00a0\u00bb button_two_border_width__hover=\u00a0\u00bbnull\u00a0\u00bb button_one_border_color__hover_enabled=\u00a0\u00bboff\u00a0\u00bb button_one_border_color__hover=\u00a0\u00bbnull\u00a0\u00bb button_two_border_color__hover_enabled=\u00a0\u00bboff\u00a0\u00bb button_two_border_color__hover=\u00a0\u00bbnull\u00a0\u00bb button_one_border_radius__hover_enabled=\u00a0\u00bboff\u00a0\u00bb button_one_border_radius__hover=\u00a0\u00bbnull\u00a0\u00bb button_two_border_radius__hover_enabled=\u00a0\u00bboff\u00a0\u00bb button_two_border_radius__hover=\u00a0\u00bbnull\u00a0\u00bb button_one_letter_spacing__hover_enabled=\u00a0\u00bbon\u00a0\u00bb button_one_letter_spacing__hover=\u00a0\u00bb1px\u00a0\u00bb button_two_letter_spacing__hover_enabled=\u00a0\u00bbon\u00a0\u00bb button_two_letter_spacing__hover=\u00a0\u00bb1px\u00a0\u00bb button_one_bg_color__hover_enabled=\u00a0\u00bboff\u00a0\u00bb button_one_bg_color__hover=\u00a0\u00bbnull\u00a0\u00bb button_two_bg_color__hover_enabled=\u00a0\u00bboff\u00a0\u00bb button_two_bg_color__hover=\u00a0\u00bbnull\u00a0\u00bb]<\/p>\n<p>Suivez-nous sur les r\u00e9seaux sociaux :<\/p>\n<h4><a href=\"https:\/\/l.facebook.com\/l.php?u=https%3A%2F%2Ftwitter.com%2FMLandrecies%3Fs%3D07%26fbclid%3DIwAR3dr26rCiBVCY4h6YuqFQkqYE8uy7WU2zeEqAzSc5qxK6PUa-OLv3OWs6Q&amp;h=AT0Q7UQYaCmlpGoLQqb4D_28n19ZhvXkIeRfzWkWWwnycq2lbE15uoK0zqA05huONknOTiUIf6QHJ5dKwGArQAerA8H31aci1xU3_MX3JM9GVj3FJb8pl92zrOQPR8Tx6qU\"><img loading=\"lazy\" decoding=\"async\" class=\"wp-image-1611 alignnone size-full\" src=\"http:\/\/landrecies.com\/wp-content\/uploads\/2019\/01\/logo-twit-2.png\" alt=\"\" width=\"37\" height=\"30\" \/><\/a>\u00a0@MLandrecies<\/h4>\n<h4><img loading=\"lazy\" decoding=\"async\" class=\"wp-image-1610 alignnone size-full\" src=\"http:\/\/landrecies.com\/wp-content\/uploads\/2019\/01\/logo-snap-2.png\" alt=\"\" width=\"37\" height=\"30\" \/><span style=\"font-size: 16px;\">\u00a0villeLandrecies<\/span><\/h4>\n<h4><span style=\"font-size: 16px;\"><a href=\"https:\/\/www.fb.com\/mairiedelandrecies\/\"><img loading=\"lazy\" decoding=\"async\" class=\"wp-image-2057 alignnone size-full\" src=\"http:\/\/landrecies.com\/wp-content\/uploads\/2019\/01\/logo-fb-2.png\" alt=\"\" width=\"37\" height=\"30\" \/><\/a>\u00a0mairiedelandrecies<\/span><\/h4>\n<p>[\/et_pb_fullwidth_header][\/et_pb_section]<\/p>\n","protected":false},"excerpt":{"rendered":"<p>CENTRE SOCIAL &amp; CULTUREL Edouard BantignyRue Maurice Leblond &#8211; BP 50071Directrice : Madame Marie-Aline GROST\u00e9l. : 03.27.84.73.95 &#8211; Fax : 03.27.84.70.17courriel : edouard-bantignycentre-social@orange.frFacebook : Centre Social &amp; Culturel de LandreciesOuvert \u00e0 toutes les tranches d&rsquo;\u00e2geAdh\u00e9sion obligatoire au Centre Social selon les activit\u00e9s (tarifs : contacter le Centre Social) Secteur petite enfance : 0 &#8211; 6 [&hellip;]<\/p>\n","protected":false},"author":14,"featured_media":0,"parent":0,"menu_order":0,"comment_status":"closed","ping_status":"closed","template":"page-template-fullwidth.php","meta":{"_et_pb_use_builder":"on","_et_pb_old_content":"","_et_gb_content_width":"","_eb_attr":"","footnotes":""},"class_list":["post-99","page","type-page","status-publish","hentry"],"_links":{"self":[{"href":"https:\/\/landrecies.com\/index.php\/wp-json\/wp\/v2\/pages\/99","targetHints":{"allow":["GET"]}}],"collection":[{"href":"https:\/\/landrecies.com\/index.php\/wp-json\/wp\/v2\/pages"}],"about":[{"href":"https:\/\/landrecies.com\/index.php\/wp-json\/wp\/v2\/types\/page"}],"author":[{"embeddable":true,"href":"https:\/\/landrecies.com\/index.php\/wp-json\/wp\/v2\/users\/14"}],"replies":[{"embeddable":true,"href":"https:\/\/landrecies.com\/index.php\/wp-json\/wp\/v2\/comments?post=99"}],"version-history":[{"count":19,"href":"https:\/\/landrecies.com\/index.php\/wp-json\/wp\/v2\/pages\/99\/revisions"}],"predecessor-version":[{"id":4900,"href":"https:\/\/landrecies.com\/index.php\/wp-json\/wp\/v2\/pages\/99\/revisions\/4900"}],"wp:attachment":[{"href":"https:\/\/landrecies.com\/index.php\/wp-json\/wp\/v2\/media?parent=99"}],"curies":[{"name":"wp","href":"https:\/\/api.w.org\/{rel}","templated":true}]}}